{"id":118522,"date":"2025-04-14T10:58:06","date_gmt":"2025-04-14T08:58:06","guid":{"rendered":"https:\/\/kerrock.si\/staging\/?page_id=118522"},"modified":"2025-04-14T10:58:06","modified_gmt":"2025-04-14T08:58:06","slug":"kerrwall","status":"publish","type":"page","link":"https:\/\/sk.kerrock.si\/staging\/kerrwall\/","title":{"rendered":"Kerrwall"},"content":{"rendered":"","protected":false},"excerpt":{"rendered":"","protected":false},"author":14,"featured_media":0,"parent":0,"menu_order":0,"comment_status":"closed","ping_status":"closed","template":"page-kerwall.php","meta":{"_acf_changed":false,"inline_featured_image":false,"footnotes":""},"class_list":["post-118522","page","type-page","status-publish","hentry"],"acf":[],"yoast_head":"<!-- This site is optimized with the Yoast SEO plugin v26.9 - https:\/\/yoast.com\/product\/yoast-seo-wordpress\/ -->\n<title>Kerrwall | Staging Kerock<\/title>\n<meta name=\"robots\" content=\"noindex, follow, max-snippet:-1, max-image-preview:large, max-video-preview:-1\" \/>\n<meta property=\"og:locale\" content=\"sk_SK\" \/>\n<meta property=\"og:type\" content=\"article\" \/>\n<meta property=\"og:title\" content=\"Kerrwall | Staging Kerock\" \/>\n<meta property=\"og:url\" content=\"https:\/\/sk.kerrock.si\/staging\/kerrwall\/\" \/>\n<meta property=\"og:site_name\" content=\"Staging Kerock\" \/>\n<meta property=\"og:image\" content=\"https:\/\/sk.kerrock.si\/staging\/wp-content\/uploads\/2021\/01\/facebook_share_image_1200x628_v2_20210106.jpg\" \/>\n\t<meta property=\"og:image:width\" content=\"1200\" \/>\n\t<meta property=\"og:image:height\" content=\"628\" \/>\n\t<meta property=\"og:image:type\" content=\"image\/jpeg\" \/>\n<meta name=\"twitter:card\" content=\"summary_large_image\" \/>\n<meta name=\"twitter:label1\" content=\"Predpokladan\u00fd \u010das \u010d\u00edtania\" \/>\n\t<meta name=\"twitter:data1\" content=\"8 min\u00fat\" \/>\n<script type=\"application\/ld+json\" class=\"yoast-schema-graph\">{\"@context\":\"https:\/\/schema.org\",\"@graph\":[{\"@type\":\"WebPage\",\"@id\":\"https:\/\/sk.kerrock.si\/staging\/kerrwall\/\",\"url\":\"https:\/\/sk.kerrock.si\/staging\/kerrwall\/\",\"name\":\"Kerrwall | Staging Kerock\",\"isPartOf\":{\"@id\":\"https:\/\/sk.kerrock.si\/#website\"},\"datePublished\":\"2025-04-14T08:58:06+00:00\",\"breadcrumb\":{\"@id\":\"https:\/\/sk.kerrock.si\/staging\/kerrwall\/#breadcrumb\"},\"inLanguage\":\"sk-SK\",\"potentialAction\":[{\"@type\":\"ReadAction\",\"target\":[\"https:\/\/sk.kerrock.si\/staging\/kerrwall\/\"]}]},{\"@type\":\"BreadcrumbList\",\"@id\":\"https:\/\/sk.kerrock.si\/staging\/kerrwall\/#breadcrumb\",\"itemListElement\":[{\"@type\":\"ListItem\",\"position\":1,\"name\":\"Home\",\"item\":\"https:\/\/sk.kerrock.si\/\"},{\"@type\":\"ListItem\",\"position\":2,\"name\":\"Kerrwall\"}]},{\"@type\":\"WebSite\",\"@id\":\"https:\/\/sk.kerrock.si\/#website\",\"url\":\"https:\/\/sk.kerrock.si\/\",\"name\":\"Staging Kerock\",\"description\":\"Predstavte si \u010doko\u013evek. My to zrealizujeme.\",\"publisher\":{\"@id\":\"https:\/\/sk.kerrock.si\/#organization\"},\"potentialAction\":[{\"@type\":\"SearchAction\",\"target\":{\"@type\":\"EntryPoint\",\"urlTemplate\":\"https:\/\/sk.kerrock.si\/?s={search_term_string}\"},\"query-input\":{\"@type\":\"PropertyValueSpecification\",\"valueRequired\":true,\"valueName\":\"search_term_string\"}}],\"inLanguage\":\"sk-SK\"},{\"@type\":\"Organization\",\"@id\":\"https:\/\/sk.kerrock.si\/#organization\",\"name\":\"Kerrock\",\"url\":\"https:\/\/sk.kerrock.si\/\",\"logo\":{\"@type\":\"ImageObject\",\"inLanguage\":\"sk-SK\",\"@id\":\"https:\/\/sk.kerrock.si\/#\/schema\/logo\/image\/\",\"url\":\"https:\/\/sk.kerrock.si\/staging\/wp-content\/uploads\/2021\/01\/facebook_share_image_1200x628_v2_20210106.jpg\",\"contentUrl\":\"https:\/\/sk.kerrock.si\/staging\/wp-content\/uploads\/2021\/01\/facebook_share_image_1200x628_v2_20210106.jpg\",\"width\":1200,\"height\":628,\"caption\":\"Kerrock\"},\"image\":{\"@id\":\"https:\/\/sk.kerrock.si\/#\/schema\/logo\/image\/\"}}]}<\/script>\n<!-- \/ Yoast SEO plugin. -->","yoast_head_json":{"title":"Kerrwall | Staging Kerock","robots":{"index":"noindex","follow":"follow","max-snippet":"max-snippet:-1","max-image-preview":"max-image-preview:large","max-video-preview":"max-video-preview:-1"},"og_locale":"sk_SK","og_type":"article","og_title":"Kerrwall | Staging Kerock","og_url":"https:\/\/sk.kerrock.si\/staging\/kerrwall\/","og_site_name":"Staging Kerock","og_image":[{"width":1200,"height":628,"url":"https:\/\/sk.kerrock.si\/staging\/wp-content\/uploads\/2021\/01\/facebook_share_image_1200x628_v2_20210106.jpg","type":"image\/jpeg"}],"twitter_card":"summary_large_image","twitter_misc":{"Predpokladan\u00fd \u010das \u010d\u00edtania":"8 min\u00fat"},"schema":{"@context":"https:\/\/schema.org","@graph":[{"@type":"WebPage","@id":"https:\/\/sk.kerrock.si\/staging\/kerrwall\/","url":"https:\/\/sk.kerrock.si\/staging\/kerrwall\/","name":"Kerrwall | Staging Kerock","isPartOf":{"@id":"https:\/\/sk.kerrock.si\/#website"},"datePublished":"2025-04-14T08:58:06+00:00","breadcrumb":{"@id":"https:\/\/sk.kerrock.si\/staging\/kerrwall\/#breadcrumb"},"inLanguage":"sk-SK","potentialAction":[{"@type":"ReadAction","target":["https:\/\/sk.kerrock.si\/staging\/kerrwall\/"]}]},{"@type":"BreadcrumbList","@id":"https:\/\/sk.kerrock.si\/staging\/kerrwall\/#breadcrumb","itemListElement":[{"@type":"ListItem","position":1,"name":"Home","item":"https:\/\/sk.kerrock.si\/"},{"@type":"ListItem","position":2,"name":"Kerrwall"}]},{"@type":"WebSite","@id":"https:\/\/sk.kerrock.si\/#website","url":"https:\/\/sk.kerrock.si\/","name":"Staging Kerock","description":"Predstavte si \u010doko\u013evek. My to zrealizujeme.","publisher":{"@id":"https:\/\/sk.kerrock.si\/#organization"},"potentialAction":[{"@type":"SearchAction","target":{"@type":"EntryPoint","urlTemplate":"https:\/\/sk.kerrock.si\/?s={search_term_string}"},"query-input":{"@type":"PropertyValueSpecification","valueRequired":true,"valueName":"search_term_string"}}],"inLanguage":"sk-SK"},{"@type":"Organization","@id":"https:\/\/sk.kerrock.si\/#organization","name":"Kerrock","url":"https:\/\/sk.kerrock.si\/","logo":{"@type":"ImageObject","inLanguage":"sk-SK","@id":"https:\/\/sk.kerrock.si\/#\/schema\/logo\/image\/","url":"https:\/\/sk.kerrock.si\/staging\/wp-content\/uploads\/2021\/01\/facebook_share_image_1200x628_v2_20210106.jpg","contentUrl":"https:\/\/sk.kerrock.si\/staging\/wp-content\/uploads\/2021\/01\/facebook_share_image_1200x628_v2_20210106.jpg","width":1200,"height":628,"caption":"Kerrock"},"image":{"@id":"https:\/\/sk.kerrock.si\/#\/schema\/logo\/image\/"}}]}},"_links":{"self":[{"href":"https:\/\/sk.kerrock.si\/staging\/wp-json\/wp\/v2\/pages\/118522","targetHints":{"allow":["GET"]}}],"collection":[{"href":"https:\/\/sk.kerrock.si\/staging\/wp-json\/wp\/v2\/pages"}],"about":[{"href":"https:\/\/sk.kerrock.si\/staging\/wp-json\/wp\/v2\/types\/page"}],"author":[{"embeddable":true,"href":"https:\/\/sk.kerrock.si\/staging\/wp-json\/wp\/v2\/users\/14"}],"replies":[{"embeddable":true,"href":"https:\/\/sk.kerrock.si\/staging\/wp-json\/wp\/v2\/comments?post=118522"}],"version-history":[{"count":1,"href":"https:\/\/sk.kerrock.si\/staging\/wp-json\/wp\/v2\/pages\/118522\/revisions"}],"predecessor-version":[{"id":118523,"href":"https:\/\/sk.kerrock.si\/staging\/wp-json\/wp\/v2\/pages\/118522\/revisions\/118523"}],"wp:attachment":[{"href":"https:\/\/sk.kerrock.si\/staging\/wp-json\/wp\/v2\/media?parent=118522"}],"curies":[{"name":"wp","href":"https:\/\/api.w.org\/{rel}","templated":true}]}}