{"id":11322,"date":"2021-01-26T10:46:49","date_gmt":"2021-01-26T10:46:49","guid":{"rendered":"https:\/\/kerrock.si\/staging\/multimedia\/certifikaty\/"},"modified":"2026-04-13T15:12:03","modified_gmt":"2026-04-13T13:12:03","slug":"certifikaty","status":"publish","type":"page","link":"https:\/\/sk.kerrock.si\/staging\/multimedia\/certifikaty\/","title":{"rendered":"Certifik\u00e1ty"},"content":{"rendered":"","protected":false},"excerpt":{"rendered":"","protected":false},"author":5,"featured_media":11349,"parent":11122,"menu_order":0,"comment_status":"closed","ping_status":"closed","template":"","meta":{"_acf_changed":false,"inline_featured_image":false,"footnotes":""},"class_list":["post-11322","page","type-page","status-publish","has-post-thumbnail","hentry"],"acf":[],"yoast_head":"<!-- This site is optimized with the Yoast SEO plugin v26.9 - https:\/\/yoast.com\/product\/yoast-seo-wordpress\/ -->\n<title>Certifik\u00e1ty | Staging Kerock<\/title>\n<meta name=\"robots\" content=\"noindex, follow, max-snippet:-1, max-image-preview:large, max-video-preview:-1\" \/>\n<meta property=\"og:locale\" content=\"sk_SK\" \/>\n<meta property=\"og:type\" content=\"article\" \/>\n<meta property=\"og:title\" content=\"Certifik\u00e1ty | Staging Kerock\" \/>\n<meta property=\"og:url\" content=\"https:\/\/sk.kerrock.si\/staging\/multimedia\/certifikaty\/\" \/>\n<meta property=\"og:site_name\" content=\"Staging Kerock\" \/>\n<meta property=\"article:modified_time\" content=\"2026-04-13T13:12:03+00:00\" \/>\n<meta property=\"og:image\" content=\"https:\/\/sk.kerrock.si\/wp-content\/uploads\/2020\/12\/bg_multimedia-2.jpg\" \/>\n\t<meta property=\"og:image:width\" content=\"1920\" \/>\n\t<meta property=\"og:image:height\" content=\"650\" \/>\n\t<meta property=\"og:image:type\" content=\"image\/jpeg\" \/>\n<meta name=\"twitter:card\" content=\"summary_large_image\" \/>\n<meta name=\"twitter:label1\" content=\"Predpokladan\u00fd \u010das \u010d\u00edtania\" \/>\n\t<meta name=\"twitter:data1\" content=\"13 min\u00fat\" \/>\n<script type=\"application\/ld+json\" class=\"yoast-schema-graph\">{\"@context\":\"https:\/\/schema.org\",\"@graph\":[{\"@type\":\"WebPage\",\"@id\":\"https:\/\/sk.kerrock.si\/staging\/multimedia\/certifikaty\/\",\"url\":\"https:\/\/sk.kerrock.si\/staging\/multimedia\/certifikaty\/\",\"name\":\"Certifik\u00e1ty | Staging Kerock\",\"isPartOf\":{\"@id\":\"https:\/\/sk.kerrock.si\/#website\"},\"primaryImageOfPage\":{\"@id\":\"https:\/\/sk.kerrock.si\/staging\/multimedia\/certifikaty\/#primaryimage\"},\"image\":{\"@id\":\"https:\/\/sk.kerrock.si\/staging\/multimedia\/certifikaty\/#primaryimage\"},\"thumbnailUrl\":\"https:\/\/sk.kerrock.si\/staging\/wp-content\/uploads\/2020\/12\/bg_multimedia-2.jpg\",\"datePublished\":\"2021-01-26T10:46:49+00:00\",\"dateModified\":\"2026-04-13T13:12:03+00:00\",\"breadcrumb\":{\"@id\":\"https:\/\/sk.kerrock.si\/staging\/multimedia\/certifikaty\/#breadcrumb\"},\"inLanguage\":\"sk-SK\",\"potentialAction\":[{\"@type\":\"ReadAction\",\"target\":[\"https:\/\/sk.kerrock.si\/staging\/multimedia\/certifikaty\/\"]}]},{\"@type\":\"ImageObject\",\"inLanguage\":\"sk-SK\",\"@id\":\"https:\/\/sk.kerrock.si\/staging\/multimedia\/certifikaty\/#primaryimage\",\"url\":\"https:\/\/sk.kerrock.si\/staging\/wp-content\/uploads\/2020\/12\/bg_multimedia-2.jpg\",\"contentUrl\":\"https:\/\/sk.kerrock.si\/staging\/wp-content\/uploads\/2020\/12\/bg_multimedia-2.jpg\",\"width\":1920,\"height\":650},{\"@type\":\"BreadcrumbList\",\"@id\":\"https:\/\/sk.kerrock.si\/staging\/multimedia\/certifikaty\/#breadcrumb\",\"itemListElement\":[{\"@type\":\"ListItem\",\"position\":1,\"name\":\"Home\",\"item\":\"https:\/\/sk.kerrock.si\/\"},{\"@type\":\"ListItem\",\"position\":2,\"name\":\"M\u00e9di\u00e1\",\"item\":\"https:\/\/sk.kerrock.si\/multimedia\/\"},{\"@type\":\"ListItem\",\"position\":3,\"name\":\"Certifik\u00e1ty\"}]},{\"@type\":\"WebSite\",\"@id\":\"https:\/\/sk.kerrock.si\/#website\",\"url\":\"https:\/\/sk.kerrock.si\/\",\"name\":\"Staging Kerock\",\"description\":\"Predstavte si \u010doko\u013evek. My to zrealizujeme.\",\"publisher\":{\"@id\":\"https:\/\/sk.kerrock.si\/#organization\"},\"potentialAction\":[{\"@type\":\"SearchAction\",\"target\":{\"@type\":\"EntryPoint\",\"urlTemplate\":\"https:\/\/sk.kerrock.si\/?s={search_term_string}\"},\"query-input\":{\"@type\":\"PropertyValueSpecification\",\"valueRequired\":true,\"valueName\":\"search_term_string\"}}],\"inLanguage\":\"sk-SK\"},{\"@type\":\"Organization\",\"@id\":\"https:\/\/sk.kerrock.si\/#organization\",\"name\":\"Kerrock\",\"url\":\"https:\/\/sk.kerrock.si\/\",\"logo\":{\"@type\":\"ImageObject\",\"inLanguage\":\"sk-SK\",\"@id\":\"https:\/\/sk.kerrock.si\/#\/schema\/logo\/image\/\",\"url\":\"https:\/\/sk.kerrock.si\/staging\/wp-content\/uploads\/2021\/01\/facebook_share_image_1200x628_v2_20210106.jpg\",\"contentUrl\":\"https:\/\/sk.kerrock.si\/staging\/wp-content\/uploads\/2021\/01\/facebook_share_image_1200x628_v2_20210106.jpg\",\"width\":1200,\"height\":628,\"caption\":\"Kerrock\"},\"image\":{\"@id\":\"https:\/\/sk.kerrock.si\/#\/schema\/logo\/image\/\"}}]}<\/script>\n<!-- \/ Yoast SEO plugin. -->","yoast_head_json":{"title":"Certifik\u00e1ty | Staging Kerock","robots":{"index":"noindex","follow":"follow","max-snippet":"max-snippet:-1","max-image-preview":"max-image-preview:large","max-video-preview":"max-video-preview:-1"},"og_locale":"sk_SK","og_type":"article","og_title":"Certifik\u00e1ty | Staging Kerock","og_url":"https:\/\/sk.kerrock.si\/staging\/multimedia\/certifikaty\/","og_site_name":"Staging Kerock","article_modified_time":"2026-04-13T13:12:03+00:00","og_image":[{"width":1920,"height":650,"url":"https:\/\/sk.kerrock.si\/wp-content\/uploads\/2020\/12\/bg_multimedia-2.jpg","type":"image\/jpeg"}],"twitter_card":"summary_large_image","twitter_misc":{"Predpokladan\u00fd \u010das \u010d\u00edtania":"13 min\u00fat"},"schema":{"@context":"https:\/\/schema.org","@graph":[{"@type":"WebPage","@id":"https:\/\/sk.kerrock.si\/staging\/multimedia\/certifikaty\/","url":"https:\/\/sk.kerrock.si\/staging\/multimedia\/certifikaty\/","name":"Certifik\u00e1ty | Staging Kerock","isPartOf":{"@id":"https:\/\/sk.kerrock.si\/#website"},"primaryImageOfPage":{"@id":"https:\/\/sk.kerrock.si\/staging\/multimedia\/certifikaty\/#primaryimage"},"image":{"@id":"https:\/\/sk.kerrock.si\/staging\/multimedia\/certifikaty\/#primaryimage"},"thumbnailUrl":"https:\/\/sk.kerrock.si\/staging\/wp-content\/uploads\/2020\/12\/bg_multimedia-2.jpg","datePublished":"2021-01-26T10:46:49+00:00","dateModified":"2026-04-13T13:12:03+00:00","breadcrumb":{"@id":"https:\/\/sk.kerrock.si\/staging\/multimedia\/certifikaty\/#breadcrumb"},"inLanguage":"sk-SK","potentialAction":[{"@type":"ReadAction","target":["https:\/\/sk.kerrock.si\/staging\/multimedia\/certifikaty\/"]}]},{"@type":"ImageObject","inLanguage":"sk-SK","@id":"https:\/\/sk.kerrock.si\/staging\/multimedia\/certifikaty\/#primaryimage","url":"https:\/\/sk.kerrock.si\/staging\/wp-content\/uploads\/2020\/12\/bg_multimedia-2.jpg","contentUrl":"https:\/\/sk.kerrock.si\/staging\/wp-content\/uploads\/2020\/12\/bg_multimedia-2.jpg","width":1920,"height":650},{"@type":"BreadcrumbList","@id":"https:\/\/sk.kerrock.si\/staging\/multimedia\/certifikaty\/#breadcrumb","itemListElement":[{"@type":"ListItem","position":1,"name":"Home","item":"https:\/\/sk.kerrock.si\/"},{"@type":"ListItem","position":2,"name":"M\u00e9di\u00e1","item":"https:\/\/sk.kerrock.si\/multimedia\/"},{"@type":"ListItem","position":3,"name":"Certifik\u00e1ty"}]},{"@type":"WebSite","@id":"https:\/\/sk.kerrock.si\/#website","url":"https:\/\/sk.kerrock.si\/","name":"Staging Kerock","description":"Predstavte si \u010doko\u013evek. My to zrealizujeme.","publisher":{"@id":"https:\/\/sk.kerrock.si\/#organization"},"potentialAction":[{"@type":"SearchAction","target":{"@type":"EntryPoint","urlTemplate":"https:\/\/sk.kerrock.si\/?s={search_term_string}"},"query-input":{"@type":"PropertyValueSpecification","valueRequired":true,"valueName":"search_term_string"}}],"inLanguage":"sk-SK"},{"@type":"Organization","@id":"https:\/\/sk.kerrock.si\/#organization","name":"Kerrock","url":"https:\/\/sk.kerrock.si\/","logo":{"@type":"ImageObject","inLanguage":"sk-SK","@id":"https:\/\/sk.kerrock.si\/#\/schema\/logo\/image\/","url":"https:\/\/sk.kerrock.si\/staging\/wp-content\/uploads\/2021\/01\/facebook_share_image_1200x628_v2_20210106.jpg","contentUrl":"https:\/\/sk.kerrock.si\/staging\/wp-content\/uploads\/2021\/01\/facebook_share_image_1200x628_v2_20210106.jpg","width":1200,"height":628,"caption":"Kerrock"},"image":{"@id":"https:\/\/sk.kerrock.si\/#\/schema\/logo\/image\/"}}]}},"_links":{"self":[{"href":"https:\/\/sk.kerrock.si\/staging\/wp-json\/wp\/v2\/pages\/11322","targetHints":{"allow":["GET"]}}],"collection":[{"href":"https:\/\/sk.kerrock.si\/staging\/wp-json\/wp\/v2\/pages"}],"about":[{"href":"https:\/\/sk.kerrock.si\/staging\/wp-json\/wp\/v2\/types\/page"}],"author":[{"embeddable":true,"href":"https:\/\/sk.kerrock.si\/staging\/wp-json\/wp\/v2\/users\/5"}],"replies":[{"embeddable":true,"href":"https:\/\/sk.kerrock.si\/staging\/wp-json\/wp\/v2\/comments?post=11322"}],"version-history":[{"count":14,"href":"https:\/\/sk.kerrock.si\/staging\/wp-json\/wp\/v2\/pages\/11322\/revisions"}],"predecessor-version":[{"id":129524,"href":"https:\/\/sk.kerrock.si\/staging\/wp-json\/wp\/v2\/pages\/11322\/revisions\/129524"}],"up":[{"embeddable":true,"href":"https:\/\/sk.kerrock.si\/staging\/wp-json\/wp\/v2\/pages\/11122"}],"wp:featuredmedia":[{"embeddable":true,"href":"https:\/\/sk.kerrock.si\/staging\/wp-json\/wp\/v2\/media\/11349"}],"wp:attachment":[{"href":"https:\/\/sk.kerrock.si\/staging\/wp-json\/wp\/v2\/media?parent=11322"}],"curies":[{"name":"wp","href":"https:\/\/api.w.org\/{rel}","templated":true}]}}