{"id":10794,"date":"2021-01-26T10:45:49","date_gmt":"2021-01-26T10:45:49","guid":{"rendered":"https:\/\/kerrock.si\/staging\/pouzitie\/kupelne\/"},"modified":"2024-06-05T09:54:02","modified_gmt":"2024-06-05T07:54:02","slug":"kupelne","status":"publish","type":"page","link":"https:\/\/sk.kerrock.si\/staging\/pouzitie\/kupelne\/","title":{"rendered":"K\u00fape\u013e\u0148a"},"content":{"rendered":"","protected":false},"excerpt":{"rendered":"","protected":false},"author":5,"featured_media":91494,"parent":10688,"menu_order":0,"comment_status":"closed","ping_status":"closed","template":"","meta":{"_acf_changed":false,"inline_featured_image":false,"footnotes":""},"class_list":["post-10794","page","type-page","status-publish","has-post-thumbnail","hentry"],"acf":[],"yoast_head":"<!-- This site is optimized with the Yoast SEO plugin v26.9 - https:\/\/yoast.com\/product\/yoast-seo-wordpress\/ -->\n<title>K\u00fape\u013e\u0148a | Staging Kerock<\/title>\n<meta name=\"robots\" content=\"noindex, follow, max-snippet:-1, max-image-preview:large, max-video-preview:-1\" \/>\n<meta property=\"og:locale\" content=\"sk_SK\" \/>\n<meta property=\"og:type\" content=\"article\" \/>\n<meta property=\"og:title\" content=\"K\u00fape\u013e\u0148a | Staging Kerock\" \/>\n<meta property=\"og:url\" content=\"https:\/\/sk.kerrock.si\/staging\/pouzitie\/kupelne\/\" \/>\n<meta property=\"og:site_name\" content=\"Staging Kerock\" \/>\n<meta property=\"article:modified_time\" content=\"2024-06-05T07:54:02+00:00\" \/>\n<meta property=\"og:image\" content=\"https:\/\/sk.kerrock.si\/wp-content\/uploads\/2024\/05\/AMBIENT-UNIQUE-GREEN.jpg\" \/>\n\t<meta property=\"og:image:width\" content=\"1621\" \/>\n\t<meta property=\"og:image:height\" content=\"1920\" \/>\n\t<meta property=\"og:image:type\" content=\"image\/jpeg\" \/>\n<meta name=\"twitter:card\" content=\"summary_large_image\" \/>\n<script type=\"application\/ld+json\" class=\"yoast-schema-graph\">{\"@context\":\"https:\/\/schema.org\",\"@graph\":[{\"@type\":\"WebPage\",\"@id\":\"https:\/\/sk.kerrock.si\/staging\/pouzitie\/kupelne\/\",\"url\":\"https:\/\/sk.kerrock.si\/staging\/pouzitie\/kupelne\/\",\"name\":\"K\u00fape\u013e\u0148a | Staging Kerock\",\"isPartOf\":{\"@id\":\"https:\/\/sk.kerrock.si\/#website\"},\"primaryImageOfPage\":{\"@id\":\"https:\/\/sk.kerrock.si\/staging\/pouzitie\/kupelne\/#primaryimage\"},\"image\":{\"@id\":\"https:\/\/sk.kerrock.si\/staging\/pouzitie\/kupelne\/#primaryimage\"},\"thumbnailUrl\":\"https:\/\/sk.kerrock.si\/staging\/wp-content\/uploads\/2024\/05\/AMBIENT-UNIQUE-GREEN.jpg\",\"datePublished\":\"2021-01-26T10:45:49+00:00\",\"dateModified\":\"2024-06-05T07:54:02+00:00\",\"breadcrumb\":{\"@id\":\"https:\/\/sk.kerrock.si\/staging\/pouzitie\/kupelne\/#breadcrumb\"},\"inLanguage\":\"sk-SK\",\"potentialAction\":[{\"@type\":\"ReadAction\",\"target\":[\"https:\/\/sk.kerrock.si\/staging\/pouzitie\/kupelne\/\"]}]},{\"@type\":\"ImageObject\",\"inLanguage\":\"sk-SK\",\"@id\":\"https:\/\/sk.kerrock.si\/staging\/pouzitie\/kupelne\/#primaryimage\",\"url\":\"https:\/\/sk.kerrock.si\/staging\/wp-content\/uploads\/2024\/05\/AMBIENT-UNIQUE-GREEN.jpg\",\"contentUrl\":\"https:\/\/sk.kerrock.si\/staging\/wp-content\/uploads\/2024\/05\/AMBIENT-UNIQUE-GREEN.jpg\",\"width\":1621,\"height\":1920},{\"@type\":\"BreadcrumbList\",\"@id\":\"https:\/\/sk.kerrock.si\/staging\/pouzitie\/kupelne\/#breadcrumb\",\"itemListElement\":[{\"@type\":\"ListItem\",\"position\":1,\"name\":\"Home\",\"item\":\"https:\/\/sk.kerrock.si\/\"},{\"@type\":\"ListItem\",\"position\":2,\"name\":\"Pou\u017eitie\",\"item\":\"https:\/\/sk.kerrock.si\/pouzitie\/\"},{\"@type\":\"ListItem\",\"position\":3,\"name\":\"K\u00fape\u013e\u0148a\"}]},{\"@type\":\"WebSite\",\"@id\":\"https:\/\/sk.kerrock.si\/#website\",\"url\":\"https:\/\/sk.kerrock.si\/\",\"name\":\"Staging Kerock\",\"description\":\"Predstavte si \u010doko\u013evek. My to zrealizujeme.\",\"publisher\":{\"@id\":\"https:\/\/sk.kerrock.si\/#organization\"},\"potentialAction\":[{\"@type\":\"SearchAction\",\"target\":{\"@type\":\"EntryPoint\",\"urlTemplate\":\"https:\/\/sk.kerrock.si\/?s={search_term_string}\"},\"query-input\":{\"@type\":\"PropertyValueSpecification\",\"valueRequired\":true,\"valueName\":\"search_term_string\"}}],\"inLanguage\":\"sk-SK\"},{\"@type\":\"Organization\",\"@id\":\"https:\/\/sk.kerrock.si\/#organization\",\"name\":\"Kerrock\",\"url\":\"https:\/\/sk.kerrock.si\/\",\"logo\":{\"@type\":\"ImageObject\",\"inLanguage\":\"sk-SK\",\"@id\":\"https:\/\/sk.kerrock.si\/#\/schema\/logo\/image\/\",\"url\":\"https:\/\/sk.kerrock.si\/staging\/wp-content\/uploads\/2021\/01\/facebook_share_image_1200x628_v2_20210106.jpg\",\"contentUrl\":\"https:\/\/sk.kerrock.si\/staging\/wp-content\/uploads\/2021\/01\/facebook_share_image_1200x628_v2_20210106.jpg\",\"width\":1200,\"height\":628,\"caption\":\"Kerrock\"},\"image\":{\"@id\":\"https:\/\/sk.kerrock.si\/#\/schema\/logo\/image\/\"}}]}<\/script>\n<!-- \/ Yoast SEO plugin. -->","yoast_head_json":{"title":"K\u00fape\u013e\u0148a | Staging Kerock","robots":{"index":"noindex","follow":"follow","max-snippet":"max-snippet:-1","max-image-preview":"max-image-preview:large","max-video-preview":"max-video-preview:-1"},"og_locale":"sk_SK","og_type":"article","og_title":"K\u00fape\u013e\u0148a | Staging Kerock","og_url":"https:\/\/sk.kerrock.si\/staging\/pouzitie\/kupelne\/","og_site_name":"Staging Kerock","article_modified_time":"2024-06-05T07:54:02+00:00","og_image":[{"width":1621,"height":1920,"url":"https:\/\/sk.kerrock.si\/wp-content\/uploads\/2024\/05\/AMBIENT-UNIQUE-GREEN.jpg","type":"image\/jpeg"}],"twitter_card":"summary_large_image","schema":{"@context":"https:\/\/schema.org","@graph":[{"@type":"WebPage","@id":"https:\/\/sk.kerrock.si\/staging\/pouzitie\/kupelne\/","url":"https:\/\/sk.kerrock.si\/staging\/pouzitie\/kupelne\/","name":"K\u00fape\u013e\u0148a | Staging Kerock","isPartOf":{"@id":"https:\/\/sk.kerrock.si\/#website"},"primaryImageOfPage":{"@id":"https:\/\/sk.kerrock.si\/staging\/pouzitie\/kupelne\/#primaryimage"},"image":{"@id":"https:\/\/sk.kerrock.si\/staging\/pouzitie\/kupelne\/#primaryimage"},"thumbnailUrl":"https:\/\/sk.kerrock.si\/staging\/wp-content\/uploads\/2024\/05\/AMBIENT-UNIQUE-GREEN.jpg","datePublished":"2021-01-26T10:45:49+00:00","dateModified":"2024-06-05T07:54:02+00:00","breadcrumb":{"@id":"https:\/\/sk.kerrock.si\/staging\/pouzitie\/kupelne\/#breadcrumb"},"inLanguage":"sk-SK","potentialAction":[{"@type":"ReadAction","target":["https:\/\/sk.kerrock.si\/staging\/pouzitie\/kupelne\/"]}]},{"@type":"ImageObject","inLanguage":"sk-SK","@id":"https:\/\/sk.kerrock.si\/staging\/pouzitie\/kupelne\/#primaryimage","url":"https:\/\/sk.kerrock.si\/staging\/wp-content\/uploads\/2024\/05\/AMBIENT-UNIQUE-GREEN.jpg","contentUrl":"https:\/\/sk.kerrock.si\/staging\/wp-content\/uploads\/2024\/05\/AMBIENT-UNIQUE-GREEN.jpg","width":1621,"height":1920},{"@type":"BreadcrumbList","@id":"https:\/\/sk.kerrock.si\/staging\/pouzitie\/kupelne\/#breadcrumb","itemListElement":[{"@type":"ListItem","position":1,"name":"Home","item":"https:\/\/sk.kerrock.si\/"},{"@type":"ListItem","position":2,"name":"Pou\u017eitie","item":"https:\/\/sk.kerrock.si\/pouzitie\/"},{"@type":"ListItem","position":3,"name":"K\u00fape\u013e\u0148a"}]},{"@type":"WebSite","@id":"https:\/\/sk.kerrock.si\/#website","url":"https:\/\/sk.kerrock.si\/","name":"Staging Kerock","description":"Predstavte si \u010doko\u013evek. My to zrealizujeme.","publisher":{"@id":"https:\/\/sk.kerrock.si\/#organization"},"potentialAction":[{"@type":"SearchAction","target":{"@type":"EntryPoint","urlTemplate":"https:\/\/sk.kerrock.si\/?s={search_term_string}"},"query-input":{"@type":"PropertyValueSpecification","valueRequired":true,"valueName":"search_term_string"}}],"inLanguage":"sk-SK"},{"@type":"Organization","@id":"https:\/\/sk.kerrock.si\/#organization","name":"Kerrock","url":"https:\/\/sk.kerrock.si\/","logo":{"@type":"ImageObject","inLanguage":"sk-SK","@id":"https:\/\/sk.kerrock.si\/#\/schema\/logo\/image\/","url":"https:\/\/sk.kerrock.si\/staging\/wp-content\/uploads\/2021\/01\/facebook_share_image_1200x628_v2_20210106.jpg","contentUrl":"https:\/\/sk.kerrock.si\/staging\/wp-content\/uploads\/2021\/01\/facebook_share_image_1200x628_v2_20210106.jpg","width":1200,"height":628,"caption":"Kerrock"},"image":{"@id":"https:\/\/sk.kerrock.si\/#\/schema\/logo\/image\/"}}]}},"_links":{"self":[{"href":"https:\/\/sk.kerrock.si\/staging\/wp-json\/wp\/v2\/pages\/10794","targetHints":{"allow":["GET"]}}],"collection":[{"href":"https:\/\/sk.kerrock.si\/staging\/wp-json\/wp\/v2\/pages"}],"about":[{"href":"https:\/\/sk.kerrock.si\/staging\/wp-json\/wp\/v2\/types\/page"}],"author":[{"embeddable":true,"href":"https:\/\/sk.kerrock.si\/staging\/wp-json\/wp\/v2\/users\/5"}],"replies":[{"embeddable":true,"href":"https:\/\/sk.kerrock.si\/staging\/wp-json\/wp\/v2\/comments?post=10794"}],"version-history":[{"count":2,"href":"https:\/\/sk.kerrock.si\/staging\/wp-json\/wp\/v2\/pages\/10794\/revisions"}],"predecessor-version":[{"id":96320,"href":"https:\/\/sk.kerrock.si\/staging\/wp-json\/wp\/v2\/pages\/10794\/revisions\/96320"}],"up":[{"embeddable":true,"href":"https:\/\/sk.kerrock.si\/staging\/wp-json\/wp\/v2\/pages\/10688"}],"wp:featuredmedia":[{"embeddable":true,"href":"https:\/\/sk.kerrock.si\/staging\/wp-json\/wp\/v2\/media\/91494"}],"wp:attachment":[{"href":"https:\/\/sk.kerrock.si\/staging\/wp-json\/wp\/v2\/media?parent=10794"}],"curies":[{"name":"wp","href":"https:\/\/api.w.org\/{rel}","templated":true}]}}